{"id":52,"date":"2025-11-16T20:17:36","date_gmt":"2025-11-16T19:17:36","guid":{"rendered":"http:\/\/renouveau.kerpeo.com\/?page_id=52"},"modified":"2026-03-02T09:41:08","modified_gmt":"2026-03-02T08:41:08","slug":"notre-projet","status":"publish","type":"page","link":"https:\/\/le-renouveau-eckbo-2026.org\/?page_id=52","title":{"rendered":"Notre projet"},"content":{"rendered":"\n<p class=\"has-medium-font-size\"><strong><em>Eckbo au c\u0153ur, un c\u0153ur pour Eckbo<\/em><\/strong><\/p>\n\n\n\n<p class=\"has-medium-font-size\"><strong><em>Ecksele \u00e0m Herze, e Herz fer Ecksele<\/em><\/strong><\/p>\n\n\n\n<figure class=\"wp-block-image size-full\"><img loading=\"lazy\" decoding=\"async\" width=\"426\" height=\"240\" src=\"https:\/\/le-renouveau-eckbo-2026.org\/wp-content\/uploads\/2026\/03\/canal-edited.jpg\" alt=\"\" class=\"wp-image-238\" srcset=\"https:\/\/le-renouveau-eckbo-2026.org\/wp-content\/uploads\/2026\/03\/canal-edited.jpg 426w, https:\/\/le-renouveau-eckbo-2026.org\/wp-content\/uploads\/2026\/03\/canal-edited-300x169.jpg 300w, https:\/\/le-renouveau-eckbo-2026.org\/wp-content\/uploads\/2026\/03\/canal-edited-140x79.jpg 140w\" sizes=\"auto, (max-width: 426px) 100vw, 426px\" \/><\/figure>\n\n\n\n<p><em>T\u00e9l\u00e9chargez notre programme <a href=\"https:\/\/le-renouveau-eckbo-2026.org\/wp-content\/uploads\/2026\/03\/programme-Renouveau-2026.pdf\" target=\"_blank\" rel=\"noreferrer noopener\">ici<\/a><\/em><\/p>\n\n\n\n<p class=\"has-medium-font-size\"><strong>Eckbo au c\u0153ur<\/strong><\/p>\n\n\n\n<ul class=\"wp-block-list\">\n<li><strong>Ouvrir une<\/strong> <strong><em>maison des habitantes et habitants<\/em><\/strong><strong>,<\/strong> en lien avec les associations, r\u00e9unissant plusieurs usages : un lieu de rencontre interg\u00e9n\u00e9rationnel pouvant prendre la forme d\u2019un salon de th\u00e9 avec des animations pour toutes et tous mais aussi des temps d\u00e9di\u00e9s plus sp\u00e9cifiquement \u00e0 nos adolescents ou \u00e0 nos a\u00een\u00e9s. Un lieu qui pourra aussi proposer des \u00e9changes de services et de mat\u00e9riel.<\/li>\n\n\n\n<li><strong>Vous donner la parole<\/strong> : cr\u00e9er un conseil municipal des jeunes, organiser des rencontres annuelles \u00e9lus-habitants dans chaque quartier, soutenir les f\u00eates des voisins et mettre en place un budget participatif.&nbsp;<\/li>\n<\/ul>\n\n\n\n<ul class=\"wp-block-list\">\n<li><strong>R\u00e9-inventer le Messti<\/strong>, avec les associations et les commer\u00e7ants, pour en faire une grande f\u00eate communale&nbsp;<\/li>\n<\/ul>\n\n\n\n<ul class=\"wp-block-list\">\n<li><strong>Initier une ou plusieurs journ\u00e9es citoyennes<\/strong> autour de projets d\u2019utilit\u00e9 communale : embellissement, solidarit\u00e9, environnement, chantiers participatifs.&nbsp;<\/li>\n<\/ul>\n\n\n\n<p class=\"has-medium-font-size\"><strong>Un c\u0153ur pour Eckbo<\/strong><\/p>\n\n\n\n<ul class=\"wp-block-list\">\n<li><strong>Transformer la place Andr\u00e9 Lobstein pour lui donner sa fonction de c\u0153ur du village<\/strong> : un lieu de rencontre plus ombrag\u00e9 et v\u00e9g\u00e9talis\u00e9 tout en conservant une partie des places de stationnement n\u00e9cessaires.<\/li>\n<\/ul>\n\n\n\n<ul class=\"wp-block-list\">\n<li><strong>Repenser l\u2019usage des b\u00e2timents communaux<\/strong>, par exemple la maison alsacienne voisine du Kid Club, \u00e0 l\u2019abandon depuis pr\u00e8s de 20 ans et l\u2019ancien presbyt\u00e8re.<\/li>\n<\/ul>\n\n\n\n<ul class=\"wp-block-list\">\n<li><strong>Soutenir les commerces existants en <\/strong>incitant les habitants \u00e0 consommer local via une carte r\u00e9sidents, \u00e9labor\u00e9e avec les commer\u00e7ants volontaires &#8211; dynamiser davantage le march\u00e9 &#8211;&nbsp; encourager l\u2019implantation de commerces et de services.<\/li>\n\n\n\n<li><strong>Apaiser la circulation et s\u00e9curiser les d\u00e9placements, <\/strong>en engageant une d\u00e9marche de concertation avec les habitantes et les habitants pour mieux partager l\u2019espace public entre pi\u00e9tons, v\u00e9los, transports en commun et voitures<\/li>\n<\/ul>\n\n\n\n<p class=\"has-medium-font-size\"><strong>Une circulation apais\u00e9e et s\u00e9curis\u00e9e&nbsp;<\/strong><\/p>\n\n\n\n<p><em>5 000 \u00e0 10 000 v\u00e9hicules par jour sur les axes principaux&nbsp;<\/em><\/p>\n\n\n\n<p><em>Un projet de contournement vieux de 40 ans, cadu<\/em><em>c <\/em><em>aujourd\u2019hui<\/em><\/p>\n\n\n\n<ul class=\"wp-block-list\">\n<li><strong>Am\u00e9liorer les cheminements pi\u00e9tons<\/strong>, en \u00e9largissant et s\u00e9curisant en priorit\u00e9 les trottoirs les plus probl\u00e9matiques.&nbsp;<\/li>\n<\/ul>\n\n\n\n<ul class=\"wp-block-list\">\n<li><strong>Cr\u00e9er des itin\u00e9raires cyclables s\u00e9curis\u00e9s <\/strong>: vers l&rsquo;ouest Avenue du G\u00e9n\u00e9ral de Gaulle, vers le nord \u00e0 destination de la zone d&rsquo;activit\u00e9s et du Z\u00e9nith, vers le sud et le quartier du Lac et vers les \u00e9coles et le coll\u00e8ge<\/li>\n<\/ul>\n\n\n\n<ul class=\"wp-block-list\">\n<li><strong>R\u00e9organiser la circulation automobile sur les grands axes<\/strong> : tester des am\u00e9nagements pour <strong>limiter la vitesse,<\/strong> exp\u00e9rimenter des solutions pour apaiser la circulation sur les grands axes (rue du G\u00e9n\u00e9ral Leclerc, avenue du G\u00e9n\u00e9ral de Gaulle), et <strong>mettre \u00e0 l\u2019\u00e9tude la cr\u00e9ation d\u2019une voirie <\/strong>entre la route de Wasselonne et la rue de Wolfisheim pour rejoindre de mani\u00e8re plus fluide l\u2019A351 et le reste de l\u2019agglom\u00e9ration et limiter le trafic des petites rues.&nbsp;<\/li>\n<\/ul>\n\n\n\n<ul class=\"wp-block-list\">\n<li><strong>Accompagner les \u00e9volutions des modes de d\u00e9placement&nbsp;<\/strong>: n\u00e9gocier l\u2019augmentation du cadencement du passage du bus 45 aux heures du coll\u00e8ge et le week-end, installer plus d\u2019arceaux \u00e0 v\u00e9los et d\u00e9ployer l\u2019autopartage.<\/li>\n<\/ul>\n\n\n\n<p><\/p>\n\n\n\n<p class=\"has-medium-font-size\"><strong>Un urbanisme raisonn\u00e9&nbsp;<\/strong><strong>et ma\u00eetris\u00e9<\/strong><\/p>\n\n\n\n<p><em>Pr\u00e8s d\u2019une dizaine de nouveaux logements collectifs construits ces 3 derni\u00e8res ann\u00e9es<\/em>: un ph\u00e9nom\u00e8ne qui va s&rsquo;accentuer avec l&rsquo;arriv\u00e9e du tram F<\/p>\n\n\n\n<ul class=\"wp-block-list\">\n<li><strong>Encadrer et ma\u00eetriser le d\u00e9veloppement urbain<\/strong> le long de la ligne de tram et anticiper d\u00e8s \u00e0 pr\u00e9sent les \u00e9quipements publics n\u00e9cessaires parmi lesquels stationnements, cheminements pi\u00e9tons et v\u00e9los, commerces, aires de jeux, espaces verts\u2026&nbsp;<\/li>\n<\/ul>\n\n\n\n<ul class=\"wp-block-list\">\n<li><strong>Compenser<\/strong> les impacts des constructions par la pr\u00e9servation d\u2019espaces naturels.<\/li>\n<\/ul>\n\n\n\n<ul class=\"wp-block-list\">\n<li><strong>Augmenter l\u2019offre de logements<\/strong> pour les personnes \u00e2g\u00e9es, les familles monoparentales et les jeunes travailleurs.&nbsp;<\/li>\n<\/ul>\n\n\n\n<ul class=\"wp-block-list\">\n<li><strong>Simplifier <\/strong>les d\u00e9marches des propri\u00e9taires pour leurs travaux en abandonnant le R\u00e8glement Municipal de Construction, qui fait doublon avec le Plan Local d&rsquo;Urbanisme intercommunal (PLUi).<\/li>\n<\/ul>\n\n\n\n<p><\/p>\n\n\n\n<p class=\"has-medium-font-size\"><strong>Un cadre de vie pr\u00e9par\u00e9 au climat de demain<\/strong><\/p>\n\n\n\n<p><em>Seulement 2,6 % d\u2019espaces verts dans la ville<\/em><\/p>\n\n\n\n<p><em>+3\u00b0C en moyenne ces 40 derni\u00e8res ann\u00e9es dans l\u2019Eurom\u00e9tropole<\/em><\/p>\n\n\n\n<ul class=\"wp-block-list\">\n<li><strong>V\u00e9g\u00e9taliser largement la ville<\/strong>, en particulier les cours d\u2019\u00e9coles, pour cr\u00e9er des \u00eelots de fra\u00eecheur&nbsp;en \u00e9t\u00e9.<\/li>\n<\/ul>\n\n\n\n<ul class=\"wp-block-list\">\n<li><strong>Acc\u00e9l\u00e9rer la r\u00e9novation thermique<\/strong> de nos b\u00e2timents communaux en d\u00e9veloppant par exemple les panneaux photovolta\u00efques en toiture&nbsp;<\/li>\n<\/ul>\n\n\n\n<ul class=\"wp-block-list\">\n<li><strong>D\u00e9velopper<\/strong>, en partenariat avec les \u00e9coles, le coll\u00e8ge et les associations volontaires, <strong>un projet de mara\u00eechage communal <\/strong>\u00e0 l\u2019image du verger p\u00e9dagogique du Niederholz&nbsp;<\/li>\n<\/ul>\n\n\n\n<ul class=\"wp-block-list\">\n<li><strong>Sensibiliser <\/strong>les habitants \u00e0 la faune et la flore, notamment en <strong>cr\u00e9ant un parcours d\u00e9couverte<\/strong> de notre patrimoine naturel et historique.<\/li>\n<\/ul>\n\n\n\n<ul class=\"wp-block-list\">\n<li><strong>N\u00e9gocier<\/strong> avec l\u2019Eurom\u00e9tropole de Strasbourg pour obtenir l\u2019arriv\u00e9e rapide des poubelles jaunes \u00e0 nos domiciles et \u00e9tudier l\u2019implantation d\u2019une d\u00e9chetterie dans la zone d\u2019activit\u00e9.<\/li>\n<\/ul>\n\n\n\n<p><\/p>\n\n\n\n<p class=\"has-medium-font-size\"><strong>Des \u00e9v\u00e9nements et activit\u00e9s pour toutes et tous&nbsp;&nbsp;<\/strong><\/p>\n\n\n\n<p><em>Une quarantaine d\u2019associations<\/em><\/p>\n\n\n\n<p><em>Une \u00e9cole de musique et une biblioth\u00e8que municipale<\/em><\/p>\n\n\n\n<ul class=\"wp-block-list\">\n<li><strong>Soutenir nos associations<\/strong> en mettant \u00e0 leur disposition les ressources communales (salles, mat\u00e9riel, comp\u00e9tences&#8230;), en accompagnant leurs initiatives et en les valorisant lors d\u2019une journ\u00e9e annuelle&nbsp;<\/li>\n<\/ul>\n\n\n\n<ul class=\"wp-block-list\">\n<li><strong>Assurer l\u2019\u00e9quit\u00e9<\/strong> de traitement entre les associations<br><\/li>\n\n\n\n<li><strong>Proposer une programmation artistique<\/strong> pour toutes et tous, en particulier pour le jeune public autour d&rsquo;\u00e9v\u00e9nements culturels f\u00e9d\u00e9rateurs (cin\u00e9ma, th\u00e9\u00e2tre, concerts)<\/li>\n<\/ul>\n\n\n\n<ul class=\"wp-block-list\">\n<li><strong>Valoriser la diversit\u00e9 des cultures<\/strong> dans la commune lors d&rsquo;\u00e9v\u00e8nements, par exemple en adh\u00e9rant \u00e0 \u201cMa commune dit Ja!\u201d<\/li>\n<\/ul>\n\n\n\n<ul class=\"wp-block-list\">\n<li><strong>Exp\u00e9rimenter <\/strong>l\u2019ouverture de la biblioth\u00e8que le samedi apr\u00e8s-midi<\/li>\n<\/ul>\n\n\n\n<ul class=\"wp-block-list\">\n<li><strong>Concevoir un espace abrit\u00e9 tel qu\u2019un kiosque<\/strong>, pour accueillir des \u00e9v\u00e9nements festifs (art de rue, carnaval, marche populaire et patrimoniale) et des activit\u00e9s p\u00e9dagogiques de plein air (comme \u201cl\u2019\u00e9cole du dehors\u201d) Niederholz<\/li>\n<\/ul>\n\n\n\n<ul class=\"wp-block-list\">\n<li><strong>Favoriser le sport pour toutes et tous<\/strong> en ouvrant les \u00e9quipements sportifs pour les clubs, les \u00e9coles et le coll\u00e8ge<\/li>\n<\/ul>\n\n\n\n<ul class=\"wp-block-list\">\n<li><strong>Accompagner<\/strong> les \u00e9coles pour la mise en place du programme \u201c30 minutes d\u2019activit\u00e9s physique quotidienne\u201d<\/li>\n<\/ul>\n\n\n\n<p><\/p>\n\n\n\n<p class=\"has-medium-font-size\"><strong>Des jeunes acteurs de leur ville<\/strong><\/p>\n\n\n\n<p><em>Pr\u00e8s d\u2019un quart de la population a moins de 20 ans<\/em><\/p>\n\n\n\n<p><em>Une hausse de 20 % du nombre d\u2019adolescents entre 2016 et 2022<\/em><\/p>\n\n\n\n<ul class=\"wp-block-list\">\n<li><strong>Assurer une place au p\u00e9riscolaire<\/strong> et \u00e0 la cantine pour toute demande \u00e9ligible<\/li>\n<\/ul>\n\n\n\n<ul class=\"wp-block-list\">\n<li><strong>Animer un conseil municipal des jeunes<\/strong> pour \u00e9laborer avec les jeunes des projets adapt\u00e9s \u00e0 leurs envies.<\/li>\n<\/ul>\n\n\n\n<ul class=\"wp-block-list\">\n<li><strong>Soutenir les projets de pr\u00e9vention<\/strong> et de sensibilisation port\u00e9s par la communaut\u00e9 \u00e9ducative sur des th\u00e9matiques telles que l\u2019usage des \u00e9crans, l\u2019\u00e9cologie ou la solidarit\u00e9.<\/li>\n<\/ul>\n\n\n\n<ul class=\"wp-block-list\">\n<li><strong>Cr\u00e9er un r\u00e9seau de baby-sitters<\/strong> avec les \u00e9tudiants\/ lyc\u00e9ens<\/li>\n<\/ul>\n\n\n\n<p><\/p>\n\n\n\n<p><strong>Des actions solidaires&nbsp;<\/strong><br><br><em>9 % de la population a plus de 75 ans<br>1 habitant sur 10 vit sous le seuil de pauvret\u00e9<\/em><\/p>\n\n\n\n<ul class=\"wp-block-list\">\n<li><strong>Renforcer l\u2019action sociale<\/strong> de la commune en s\u2019appuyant sur le r\u00e9seau de b\u00e9n\u00e9voles et des services civiques <strong>pour aller vers<\/strong> les habitantes et habitants les plus fragiles, rompre l\u2019isolement et faciliter l\u2019acc\u00e8s aux aides.<\/li>\n<\/ul>\n\n\n\n<ul class=\"wp-block-list\">\n<li><strong>Soutenir le maintien \u00e0 domicile des a\u00een\u00e9s<\/strong> :&nbsp;<\/li>\n<\/ul>\n\n\n\n<p>&#8211; <strong>Promouvoir le co-logement<\/strong> entre seniors et \u00e9tudiants, permettant \u00e0 une personne \u00e2g\u00e9e d\u2019h\u00e9berger un \u00e9tudiant en \u00e9change d\u2019une pr\u00e9sence bienveillante<\/p>\n\n\n\n<p>&#8211;&nbsp; Mettre en place un caf\u00e9 des aidants<\/p>\n\n\n\n<ul class=\"wp-block-list\">\n<li><strong>Mettre en place des ateliers<\/strong>, rencontres et projets partag\u00e9s o\u00f9 les a\u00een\u00e9s transmettent leurs savoir-faire aux plus jeunes et r\u00e9ciproquement<\/li>\n<\/ul>\n\n\n\n<ul class=\"wp-block-list\">\n<li><strong>Mettre en \u0153uvre le sport sant\u00e9 sur ordonnance<\/strong> pour les personnes atteintes de maladies chroniques en partenariat avec les m\u00e9decins&nbsp;<\/li>\n\n\n\n<li><strong>Instaurer un tarif <\/strong>de repas de restauration scolaire et de l\u2019\u00e9cole de musique <strong>plus juste<\/strong>, calcul\u00e9 en fonction des revenus.&nbsp;<\/li>\n<\/ul>\n\n\n\n<p><\/p>\n\n\n\n<p class=\"has-medium-font-size\"><strong>Une tranquillit\u00e9 publique assur\u00e9e&nbsp;<\/strong><\/p>\n\n\n\n<ul class=\"wp-block-list\">\n<li><strong>Pr\u00e9venir les incivilit\u00e9s<\/strong> en renfor\u00e7ant les liens avec la gendarmerie et la police municipale<\/li>\n<\/ul>\n\n\n\n<ul class=\"wp-block-list\">\n<li><strong>Assurer un sentiment de s\u00e9curit\u00e9<\/strong> lors des d\u00e9placements pi\u00e9tons de nuit<\/li>\n<\/ul>\n\n\n\n<ul class=\"wp-block-list\">\n<li><strong>Rendre notre commune plus propre<\/strong> en accentuant la pr\u00e9vention et s\u2019il le faut la r\u00e9pression&nbsp;<br><\/li>\n\n\n\n<li><strong>Am\u00e9nager des aires <\/strong>d\u2019\u00e9bats pour les chiens&nbsp;<\/li>\n<\/ul>\n","protected":false},"excerpt":{"rendered":"<p>Eckbo au c\u0153ur, un c\u0153ur pour Eckbo Ecksele \u00e0m Herze, e Herz fer Ecksele T\u00e9l\u00e9chargez notre programme ici Eckbo au c\u0153ur Un c\u0153ur pour Eckbo Une circulation apais\u00e9e et s\u00e9curis\u00e9e&nbsp;&hellip;<\/p>\n","protected":false},"author":1,"featured_media":0,"parent":0,"menu_order":0,"comment_status":"closed","ping_status":"closed","template":"","meta":{"_EventAllDay":false,"_EventTimezone":"","_EventStartDate":"","_EventEndDate":"","_EventStartDateUTC":"","_EventEndDateUTC":"","_EventShowMap":false,"_EventShowMapLink":false,"_EventURL":"","_EventCost":"","_EventCostDescription":"","_EventCurrencySymbol":"","_EventCurrencyCode":"","_EventCurrencyPosition":"","_EventDateTimeSeparator":"","_EventTimeRangeSeparator":"","_EventOrganizerID":[],"_EventVenueID":[],"_OrganizerEmail":"","_OrganizerPhone":"","_OrganizerWebsite":"","_VenueAddress":"","_VenueCity":"","_VenueCountry":"","_VenueProvince":"","_VenueState":"","_VenueZip":"","_VenuePhone":"","_VenueURL":"","_VenueStateProvince":"","_VenueLat":"","_VenueLng":"","_VenueShowMap":false,"_VenueShowMapLink":false,"footnotes":""},"class_list":["post-52","page","type-page","status-publish","hentry"],"_links":{"self":[{"href":"https:\/\/le-renouveau-eckbo-2026.org\/index.php?rest_route=\/wp\/v2\/pages\/52","targetHints":{"allow":["GET"]}}],"collection":[{"href":"https:\/\/le-renouveau-eckbo-2026.org\/index.php?rest_route=\/wp\/v2\/pages"}],"about":[{"href":"https:\/\/le-renouveau-eckbo-2026.org\/index.php?rest_route=\/wp\/v2\/types\/page"}],"author":[{"embeddable":true,"href":"https:\/\/le-renouveau-eckbo-2026.org\/index.php?rest_route=\/wp\/v2\/users\/1"}],"replies":[{"embeddable":true,"href":"https:\/\/le-renouveau-eckbo-2026.org\/index.php?rest_route=%2Fwp%2Fv2%2Fcomments&post=52"}],"version-history":[{"count":11,"href":"https:\/\/le-renouveau-eckbo-2026.org\/index.php?rest_route=\/wp\/v2\/pages\/52\/revisions"}],"predecessor-version":[{"id":245,"href":"https:\/\/le-renouveau-eckbo-2026.org\/index.php?rest_route=\/wp\/v2\/pages\/52\/revisions\/245"}],"wp:attachment":[{"href":"https:\/\/le-renouveau-eckbo-2026.org\/index.php?rest_route=%2Fwp%2Fv2%2Fmedia&parent=52"}],"curies":[{"name":"wp","href":"https:\/\/api.w.org\/{rel}","templated":true}]}}