{"id":46,"date":"2025-11-16T20:16:45","date_gmt":"2025-11-16T19:16:45","guid":{"rendered":"http:\/\/renouveau.kerpeo.com\/?page_id=46"},"modified":"2026-03-09T16:32:13","modified_gmt":"2026-03-09T15:32:13","slug":"accueil","status":"publish","type":"page","link":"https:\/\/le-renouveau-eckbo-2026.org\/","title":{"rendered":"Accueil"},"content":{"rendered":"\n<p>Bienvenue sur le site du collectif <em>Le Renouveau &#8211; Eckbo 2026<\/em> en vue des \u00e9lections municipales du 15 mars 2026 !&nbsp;<\/p>\n\n\n\n<p>Lors des derni\u00e8res \u00e9lections le 7 avril 2024, 38% des votants, soit 750 \u00e9lectrices et \u00e9lecteurs ont opt\u00e9 pour le programme de notre collectif, ce qui nous a valu 5 si\u00e8ges au conseil municipal (sur 29).<\/p>\n\n\n\n<p>Depuis le jeudi 9 octobre dernier, la candidature de la liste <em>Le Renouveau &#8211; Eckbo 2026<\/em> avec \u00e0 sa t\u00eate Fran\u00e7ois Jouan a \u00e9t\u00e9 officiellement annonc\u00e9e.<\/p>\n\n\n\n<p>Sur ce site, vous pourrez suivre les \u00e9tapes de la campagne et vous informer sur le projet que nous portons.<\/p>\n\n\n\n<p class=\"has-vivid-green-cyan-background-color has-background\">Pour nous contacter: <a href=\"mailto:renouveaueckbo2026@gmail.com\">renouveaueckbo2026@gmail.com<\/a><\/p>\n\n\n\n<p>Pour d\u00e9couvrir notre projet, c&rsquo;est ici :<\/p>\n\n\n\n<p class=\"has-medium-font-size\"><strong><em>Eckbo au c\u0153ur, un c\u0153ur pour Eckbo<\/em><\/strong><\/p>\n\n\n\n<p class=\"has-medium-font-size\"><strong><em>Ecksele \u00e0m Herze, e Herz fer Ecksele<\/em><\/strong><\/p>\n\n\n\n<figure class=\"wp-block-image size-full\"><img loading=\"lazy\" decoding=\"async\" width=\"426\" height=\"240\" src=\"https:\/\/le-renouveau-eckbo-2026.org\/wp-content\/uploads\/2026\/03\/canal-edited.jpg\" alt=\"\" class=\"wp-image-238\" srcset=\"https:\/\/le-renouveau-eckbo-2026.org\/wp-content\/uploads\/2026\/03\/canal-edited.jpg 426w, https:\/\/le-renouveau-eckbo-2026.org\/wp-content\/uploads\/2026\/03\/canal-edited-300x169.jpg 300w, https:\/\/le-renouveau-eckbo-2026.org\/wp-content\/uploads\/2026\/03\/canal-edited-140x79.jpg 140w\" sizes=\"auto, (max-width: 426px) 100vw, 426px\" \/><\/figure>\n\n\n\n<p><em>T\u00e9l\u00e9chargez notre programme <a href=\"https:\/\/le-renouveau-eckbo-2026.org\/wp-content\/uploads\/2026\/03\/programme-Renouveau-2026.pdf\" data-type=\"link\" data-id=\"https:\/\/le-renouveau-eckbo-2026.org\/wp-content\/uploads\/2026\/03\/programme-Renouveau-2026.pdf\" target=\"_blank\" rel=\"noreferrer noopener\">ici<\/a> et en images ci-dessous<\/em> :<\/p>\n\n\n\n<figure class=\"wp-block-video\"><video height=\"848\" style=\"aspect-ratio: 480 \/ 848;\" width=\"480\" controls src=\"https:\/\/le-renouveau-eckbo-2026.org\/wp-content\/uploads\/2026\/03\/c973ae35-7ed6-4fb1-ad39-d190ee1edb18.mp4\"><\/video><\/figure>\n\n\n\n<p><\/p>\n","protected":false},"excerpt":{"rendered":"<p>Bienvenue sur le site du collectif Le Renouveau &#8211; Eckbo 2026 en vue des \u00e9lections municipales du 15 mars 2026 !&nbsp; Lors des derni\u00e8res \u00e9lections le 7 avril 2024, 38%&hellip;<\/p>\n","protected":false},"author":1,"featured_media":0,"parent":0,"menu_order":0,"comment_status":"closed","ping_status":"closed","template":"","meta":{"_EventAllDay":false,"_EventTimezone":"","_EventStartDate":"","_EventEndDate":"","_EventStartDateUTC":"","_EventEndDateUTC":"","_EventShowMap":false,"_EventShowMapLink":false,"_EventURL":"","_EventCost":"","_EventCostDescription":"","_EventCurrencySymbol":"","_EventCurrencyCode":"","_EventCurrencyPosition":"","_EventDateTimeSeparator":"","_EventTimeRangeSeparator":"","_EventOrganizerID":[],"_EventVenueID":[],"_OrganizerEmail":"","_OrganizerPhone":"","_OrganizerWebsite":"","_VenueAddress":"","_VenueCity":"","_VenueCountry":"","_VenueProvince":"","_VenueState":"","_VenueZip":"","_VenuePhone":"","_VenueURL":"","_VenueStateProvince":"","_VenueLat":"","_VenueLng":"","_VenueShowMap":false,"_VenueShowMapLink":false,"footnotes":""},"class_list":["post-46","page","type-page","status-publish","hentry"],"_links":{"self":[{"href":"https:\/\/le-renouveau-eckbo-2026.org\/index.php?rest_route=\/wp\/v2\/pages\/46","targetHints":{"allow":["GET"]}}],"collection":[{"href":"https:\/\/le-renouveau-eckbo-2026.org\/index.php?rest_route=\/wp\/v2\/pages"}],"about":[{"href":"https:\/\/le-renouveau-eckbo-2026.org\/index.php?rest_route=\/wp\/v2\/types\/page"}],"author":[{"embeddable":true,"href":"https:\/\/le-renouveau-eckbo-2026.org\/index.php?rest_route=\/wp\/v2\/users\/1"}],"replies":[{"embeddable":true,"href":"https:\/\/le-renouveau-eckbo-2026.org\/index.php?rest_route=%2Fwp%2Fv2%2Fcomments&post=46"}],"version-history":[{"count":9,"href":"https:\/\/le-renouveau-eckbo-2026.org\/index.php?rest_route=\/wp\/v2\/pages\/46\/revisions"}],"predecessor-version":[{"id":262,"href":"https:\/\/le-renouveau-eckbo-2026.org\/index.php?rest_route=\/wp\/v2\/pages\/46\/revisions\/262"}],"wp:attachment":[{"href":"https:\/\/le-renouveau-eckbo-2026.org\/index.php?rest_route=%2Fwp%2Fv2%2Fmedia&parent=46"}],"curies":[{"name":"wp","href":"https:\/\/api.w.org\/{rel}","templated":true}]}}